{"id":957,"date":"2019-08-08T23:37:39","date_gmt":"2019-08-08T18:07:39","guid":{"rendered":"http:\/\/sethubandhanam.com\/?page_id=957"},"modified":"2020-01-18T16:00:30","modified_gmt":"2020-01-18T10:30:30","slug":"about","status":"publish","type":"page","link":"https:\/\/sethubandhanam.com\/index.php\/about\/","title":{"rendered":"Team"},"content":{"rendered":"\t\t<div data-elementor-type=\"wp-post\" data-elementor-id=\"957\" class=\"elementor elementor-957\">\n\t\t\t\t\t\t<section class=\"elementor-section elementor-top-section elementor-element elementor-element-a1766bc elementor-section-boxed elementor-section-height-default elementor-section-height-default\" data-id=\"a1766bc\" data-element_type=\"section\" data-settings=\"{&quot;background_background&quot;:&quot;classic&quot;}\">\n\t\t\t\t\t\t<div class=\"elementor-container elementor-column-gap-default\">\n\t\t\t\t\t<div class=\"elementor-column elementor-col-100 elementor-top-column elementor-element elementor-element-b18b34c\" data-id=\"b18b34c\" data-element_type=\"column\">\n\t\t\t<div class=\"elementor-widget-wrap elementor-element-populated\">\n\t\t\t\t\t\t<div class=\"elementor-element elementor-element-f4b917c elementor-widget elementor-widget-spacer\" data-id=\"f4b917c\" data-element_type=\"widget\" data-widget_type=\"spacer.default\">\n\t\t\t\t<div class=\"elementor-widget-container\">\n\t\t\t\t\t\t\t<div class=\"elementor-spacer\">\n\t\t\t<div class=\"elementor-spacer-inner\"><\/div>\n\t\t<\/div>\n\t\t\t\t\t\t<\/div>\n\t\t\t\t<\/div>\n\t\t\t\t\t<\/div>\n\t\t<\/div>\n\t\t\t\t\t<\/div>\n\t\t<\/section>\n\t\t\t\t<section class=\"elementor-section elementor-top-section elementor-element elementor-element-58f5b326 elementor-section-content-middle elementor-section-boxed elementor-section-height-default elementor-section-height-default\" data-id=\"58f5b326\" data-element_type=\"section\">\n\t\t\t\t\t\t<div class=\"elementor-container elementor-column-gap-no\">\n\t\t\t\t\t<div class=\"elementor-column elementor-col-100 elementor-top-column elementor-element elementor-element-379f4a31\" data-id=\"379f4a31\" data-element_type=\"column\">\n\t\t\t<div class=\"elementor-widget-wrap elementor-element-populated\">\n\t\t\t\t\t\t<div class=\"elementor-element elementor-element-169d4203 elementor-widget elementor-widget-heading\" data-id=\"169d4203\" data-element_type=\"widget\" data-widget_type=\"heading.default\">\n\t\t\t\t<div class=\"elementor-widget-container\">\n\t\t\t\t\t<h4 class=\"elementor-heading-title elementor-size-default\">Karyakartas<\/h4>\t\t\t\t<\/div>\n\t\t\t\t<\/div>\n\t\t\t\t<div class=\"elementor-element elementor-element-79cd8a3b elementor-widget elementor-widget-text-editor\" data-id=\"79cd8a3b\" data-element_type=\"widget\" data-widget_type=\"text-editor.default\">\n\t\t\t\t<div class=\"elementor-widget-container\">\n\t\t\t\t\t\t\t\t\t<blockquote><p><em style=\"margin: 0px; padding: 0px; border: 0px; vertical-align: baseline; color: #332222; font-family: Georgia, Helvetica, Tahoma, sans-serif, 'Gaura Times', serif; background-color: rgba(255, 255, 255, 0.9);\">yatk\u1e5bita\u1e41 yatkari\u1e63hy\u0101mi tatsarva\u1e41 na may\u0101 k\u1e5btam<br \/><\/em><em style=\"margin: 0px; padding: 0px; border: 0px; vertical-align: baseline; color: #332222; font-family: Georgia, Helvetica, Tahoma, sans-serif, 'Gaura Times', serif; background-color: rgba(255, 255, 255, 0.9);\">tvay\u0101 k\u1e5bta\u1e41 tu phalabhuk tvameva madhus\u016bdana\u00a0<\/em><\/p><p><em style=\"margin: 0px; padding: 0px; border: 0px; vertical-align: baseline; color: #332222; font-family: Georgia, Helvetica, Tahoma, sans-serif, 'Gaura Times', serif; background-color: rgba(255, 255, 255, 0.9);\"><br \/><\/em><em style=\"margin: 0px; padding: 0px; border: 0px; vertical-align: baseline; color: #332222; font-family: Georgia, Helvetica, Tahoma, sans-serif, 'Gaura Times', serif; background-color: rgba(255, 255, 255, 0.9);\"><span style=\"text-align: justify;\">Whatever I have achieved and whatever I wish to achieve, I am not the doer of these.<br \/><\/span><\/em><em style=\"margin: 0px; padding: 0px; border: 0px; vertical-align: baseline; color: #332222; font-family: Georgia, Helvetica, Tahoma, sans-serif, 'Gaura Times', serif; background-color: rgba(255, 255, 255, 0.9);\"><span style=\"text-align: justify;\">YOU are the real doer, and YOU alone are the enjoyer of the results &#8211; O Madhusudhana<\/span><\/em><\/p><\/blockquote>\t\t\t\t\t\t\t\t<\/div>\n\t\t\t\t<\/div>\n\t\t\t\t<section class=\"elementor-section elementor-inner-section elementor-element elementor-element-fc5a7d2 elementor-section-boxed elementor-section-height-default elementor-section-height-default\" data-id=\"fc5a7d2\" data-element_type=\"section\">\n\t\t\t\t\t\t<div class=\"elementor-container elementor-column-gap-default\">\n\t\t\t\t\t<div class=\"elementor-column elementor-col-50 elementor-inner-column elementor-element elementor-element-e4af907\" data-id=\"e4af907\" data-element_type=\"column\">\n\t\t\t<div class=\"elementor-widget-wrap elementor-element-populated\">\n\t\t\t\t\t\t<div class=\"elementor-element elementor-element-2cfa4b07 elementor-position-top elementor-widget elementor-widget-image-box\" data-id=\"2cfa4b07\" data-element_type=\"widget\" data-widget_type=\"image-box.default\">\n\t\t\t\t<div class=\"elementor-widget-container\">\n\t\t\t\t\t<div class=\"elementor-image-box-wrapper\"><figure class=\"elementor-image-box-img\"><img decoding=\"async\" src=\"http:\/\/sethubandhanam.com\/wp-content\/uploads\/2019\/08\/karthik.png\" title=\"\" alt=\"\" class=\"elementor-animation-grow\" loading=\"lazy\" \/><\/figure><div class=\"elementor-image-box-content\"><h3 class=\"elementor-image-box-title\">Karthik Narayanan<\/h3><p class=\"elementor-image-box-description\">Karyakarta<\/p><\/div><\/div>\t\t\t\t<\/div>\n\t\t\t\t<\/div>\n\t\t\t\t<div class=\"elementor-element elementor-element-4fdf6428 elementor-widget elementor-widget-text-editor\" data-id=\"4fdf6428\" data-element_type=\"widget\" data-widget_type=\"text-editor.default\">\n\t\t\t\t<div class=\"elementor-widget-container\">\n\t\t\t\t\t\t\t\t\t<p>A technologist who believes in building tech for good. Has held positions in various tech companies and now runs his own fitness tech startup in London\/Bangalore. Grandson of <em>Padmashri<\/em> Kothamangalam Subbu, son of <em>Cadbury&#8217;s<\/em> Narayanan and devotee of the\u00a0<i>\u0100ch\u0101ryas<\/i> of Sri Kanchi Kamakoti Peetam. Has a keen interest in studying <i>Ved\u0101s<\/i>, Sanskrit and Vedic astronomy. Also a part of the managing committee of his ancestral temple trust near Ranipet, Tamil Nadu.\u00a0<\/p>\t\t\t\t\t\t\t\t<\/div>\n\t\t\t\t<\/div>\n\t\t\t\t<div class=\"elementor-element elementor-element-7e3c51cd elementor-shape-rounded elementor-grid-0 e-grid-align-center elementor-widget elementor-widget-social-icons\" data-id=\"7e3c51cd\" data-element_type=\"widget\" data-widget_type=\"social-icons.default\">\n\t\t\t\t<div class=\"elementor-widget-container\">\n\t\t\t\t\t\t\t<div class=\"elementor-social-icons-wrapper elementor-grid\" role=\"list\">\n\t\t\t\t\t\t\t<span class=\"elementor-grid-item\" role=\"listitem\">\n\t\t\t\t\t<a class=\"elementor-icon elementor-social-icon elementor-social-icon-twitter elementor-animation-grow elementor-repeater-item-d2b7695\" href=\"https:\/\/twitter.com\/knaraya\" target=\"_blank\">\n\t\t\t\t\t\t<span class=\"elementor-screen-only\">Twitter<\/span>\n\t\t\t\t\t\t<i class=\"fab fa-twitter\"><\/i>\t\t\t\t\t<\/a>\n\t\t\t\t<\/span>\n\t\t\t\t\t\t\t<span class=\"elementor-grid-item\" role=\"listitem\">\n\t\t\t\t\t<a class=\"elementor-icon elementor-social-icon elementor-social-icon-linkedin elementor-animation-grow elementor-repeater-item-bd90dae\" href=\"https:\/\/www.linkedin.com\/in\/karthik-narayanan-1b92241\" target=\"_blank\">\n\t\t\t\t\t\t<span class=\"elementor-screen-only\">Linkedin<\/span>\n\t\t\t\t\t\t<i class=\"fab fa-linkedin\"><\/i>\t\t\t\t\t<\/a>\n\t\t\t\t<\/span>\n\t\t\t\t\t<\/div>\n\t\t\t\t\t\t<\/div>\n\t\t\t\t<\/div>\n\t\t\t\t\t<\/div>\n\t\t<\/div>\n\t\t\t\t<div class=\"elementor-column elementor-col-50 elementor-inner-column elementor-element elementor-element-1d69ce3a\" data-id=\"1d69ce3a\" data-element_type=\"column\">\n\t\t\t<div class=\"elementor-widget-wrap elementor-element-populated\">\n\t\t\t\t\t\t<div class=\"elementor-element elementor-element-2026620a elementor-position-top elementor-widget elementor-widget-image-box\" data-id=\"2026620a\" data-element_type=\"widget\" data-widget_type=\"image-box.default\">\n\t\t\t\t<div class=\"elementor-widget-container\">\n\t\t\t\t\t<div class=\"elementor-image-box-wrapper\"><figure class=\"elementor-image-box-img\"><img fetchpriority=\"high\" decoding=\"async\" width=\"554\" height=\"554\" src=\"https:\/\/sethubandhanam.com\/wp-content\/uploads\/2020\/01\/images.jpg\" class=\"elementor-animation-grow attachment-full size-full wp-image-1413\" alt=\"\" srcset=\"https:\/\/sethubandhanam.com\/wp-content\/uploads\/2020\/01\/images.jpg 554w, https:\/\/sethubandhanam.com\/wp-content\/uploads\/2020\/01\/images-100x100.jpg 100w, https:\/\/sethubandhanam.com\/wp-content\/uploads\/2020\/01\/images-300x300.jpg 300w\" sizes=\"(max-width: 554px) 100vw, 554px\" \/><\/figure><div class=\"elementor-image-box-content\"><h3 class=\"elementor-image-box-title\">Karthik RamaN<\/h3><p class=\"elementor-image-box-description\">Karyakarta<\/p><\/div><\/div>\t\t\t\t<\/div>\n\t\t\t\t<\/div>\n\t\t\t\t<div class=\"elementor-element elementor-element-3ba04517 elementor-widget elementor-widget-text-editor\" data-id=\"3ba04517\" data-element_type=\"widget\" data-widget_type=\"text-editor.default\">\n\t\t\t\t<div class=\"elementor-widget-container\">\n\t\t\t\t\t\t\t\t\t<p>A faculty at the Indian Institute of Technology Madras, and passionate about Sa\u1e43sk\u1e5btam and our Sa\u1e43sk\u1e5bti. His father is a chartered accountant and mother a professor of commerce\/accountancy and devotee of\u00a0<i>\u0100ch\u0101ryas<\/i>\u00a0\u00a0of Sri Kanchi Kamakoti Peetam. His interests outside of work include digitising works in Sanskrit, creating high quality typeset Sanskrit documents, and computing <i>Panch\u0101ngams<\/i>.\u00a0<\/p>\t\t\t\t\t\t\t\t<\/div>\n\t\t\t\t<\/div>\n\t\t\t\t<div class=\"elementor-element elementor-element-40c8d3ed elementor-shape-rounded elementor-grid-0 e-grid-align-center elementor-widget elementor-widget-social-icons\" data-id=\"40c8d3ed\" data-element_type=\"widget\" data-widget_type=\"social-icons.default\">\n\t\t\t\t<div class=\"elementor-widget-container\">\n\t\t\t\t\t\t\t<div class=\"elementor-social-icons-wrapper elementor-grid\" role=\"list\">\n\t\t\t\t\t\t\t<span class=\"elementor-grid-item\" role=\"listitem\">\n\t\t\t\t\t<a class=\"elementor-icon elementor-social-icon elementor-social-icon-twitter elementor-animation-grow elementor-repeater-item-d2b7695\" href=\"https:\/\/twitter.com\/karthikraman\" target=\"_blank\">\n\t\t\t\t\t\t<span class=\"elementor-screen-only\">Twitter<\/span>\n\t\t\t\t\t\t<i class=\"fab fa-twitter\"><\/i>\t\t\t\t\t<\/a>\n\t\t\t\t<\/span>\n\t\t\t\t\t\t\t<span class=\"elementor-grid-item\" role=\"listitem\">\n\t\t\t\t\t<a class=\"elementor-icon elementor-social-icon elementor-social-icon-linkedin elementor-animation-grow elementor-repeater-item-f8cbcd5\" href=\"https:\/\/www.linkedin.com\/in\/ramankarthik\/\" target=\"_blank\">\n\t\t\t\t\t\t<span class=\"elementor-screen-only\">Linkedin<\/span>\n\t\t\t\t\t\t<i class=\"fab fa-linkedin\"><\/i>\t\t\t\t\t<\/a>\n\t\t\t\t<\/span>\n\t\t\t\t\t<\/div>\n\t\t\t\t\t\t<\/div>\n\t\t\t\t<\/div>\n\t\t\t\t\t<\/div>\n\t\t<\/div>\n\t\t\t\t\t<\/div>\n\t\t<\/section>\n\t\t\t\t\t<\/div>\n\t\t<\/div>\n\t\t\t\t\t<\/div>\n\t\t<\/section>\n\t\t\t\t<section class=\"elementor-section elementor-top-section elementor-element elementor-element-802ce6 elementor-section-content-middle elementor-section-boxed elementor-section-height-default elementor-section-height-default\" data-id=\"802ce6\" data-element_type=\"section\">\n\t\t\t\t\t\t<div class=\"elementor-container elementor-column-gap-no\">\n\t\t\t\t\t<div class=\"elementor-column elementor-col-100 elementor-top-column elementor-element elementor-element-15755b4e\" data-id=\"15755b4e\" data-element_type=\"column\">\n\t\t\t<div class=\"elementor-widget-wrap elementor-element-populated\">\n\t\t\t\t\t\t<div class=\"elementor-element elementor-element-50940803 elementor-align-center elementor-widget elementor-widget-button\" data-id=\"50940803\" data-element_type=\"widget\" data-widget_type=\"button.default\">\n\t\t\t\t<div class=\"elementor-widget-container\">\n\t\t\t\t\t\t\t\t\t<div class=\"elementor-button-wrapper\">\n\t\t\t\t\t<a class=\"elementor-button elementor-button-link elementor-size-sm elementor-animation-grow\" href=\"http:\/\/sethubandhanam.com\/index.php\/contact\/\">\n\t\t\t\t\t\t<span class=\"elementor-button-content-wrapper\">\n\t\t\t\t\t\t<span class=\"elementor-button-icon\">\n\t\t\t\t<i aria-hidden=\"true\" class=\"far fa-arrow-alt-circle-right\"><\/i>\t\t\t<\/span>\n\t\t\t\t\t\t\t\t\t<span class=\"elementor-button-text\">Contact us<\/span>\n\t\t\t\t\t<\/span>\n\t\t\t\t\t<\/a>\n\t\t\t\t<\/div>\n\t\t\t\t\t\t\t\t<\/div>\n\t\t\t\t<\/div>\n\t\t\t\t\t<\/div>\n\t\t<\/div>\n\t\t\t\t\t<\/div>\n\t\t<\/section>\n\t\t\t\t<\/div>\n\t\t","protected":false},"excerpt":{"rendered":"<p>Karyakartas yatk\u1e5bita\u1e41 yatkari\u1e63hy\u0101mi tatsarva\u1e41 na may\u0101 k\u1e5btamtvay\u0101 k\u1e5bta\u1e41 tu phalabhuk tvameva madhus\u016bdana\u00a0 Whatever I have achieved and whatever I wish to achieve, I am not the doer of these.YOU are the real doer, and YOU alone are the enjoyer of the results &#8211; O Madhusudhana Karthik Narayanan Karyakarta A technologist who believes in building tech for good. Has held positions in various tech companies and now runs his own fitness tech startup in London\/Bangalore. Grandson of Padmashri Kothamangalam Subbu, son of Cadbury&#8217;s Narayanan and devotee of the\u00a0\u0100ch\u0101ryas of Sri Kanchi Kamakoti Peetam. Has a keen interest in studying Ved\u0101s, Sanskrit and Vedic astronomy. Also a part of the managing committee of his ancestral temple trust near Ranipet, Tamil Nadu.\u00a0 Twitter Linkedin Karthik RamaN Karyakarta A faculty at the Indian Institute of Technology Madras, and passionate about Sa\u1e43sk\u1e5btam and our Sa\u1e43sk\u1e5bti. His father is a chartered accountant and mother a professor&hellip;<\/p>\n<p> <a class=\"more-link\" href=\"https:\/\/sethubandhanam.com\/index.php\/about\/\">Read more<\/a><\/p>\n","protected":false},"author":1,"featured_media":0,"parent":0,"menu_order":0,"comment_status":"closed","ping_status":"closed","template":"elementor_header_footer","meta":{"give_campaign_id":0,"footnotes":""},"class_list":["post-957","page","type-page","status-publish"],"aioseo_notices":[],"campaignId":"","_links":{"self":[{"href":"https:\/\/sethubandhanam.com\/index.php\/wp-json\/wp\/v2\/pages\/957","targetHints":{"allow":["GET"]}}],"collection":[{"href":"https:\/\/sethubandhanam.com\/index.php\/wp-json\/wp\/v2\/pages"}],"about":[{"href":"https:\/\/sethubandhanam.com\/index.php\/wp-json\/wp\/v2\/types\/page"}],"author":[{"embeddable":true,"href":"https:\/\/sethubandhanam.com\/index.php\/wp-json\/wp\/v2\/users\/1"}],"replies":[{"embeddable":true,"href":"https:\/\/sethubandhanam.com\/index.php\/wp-json\/wp\/v2\/comments?post=957"}],"version-history":[{"count":0,"href":"https:\/\/sethubandhanam.com\/index.php\/wp-json\/wp\/v2\/pages\/957\/revisions"}],"wp:attachment":[{"href":"https:\/\/sethubandhanam.com\/index.php\/wp-json\/wp\/v2\/media?parent=957"}],"curies":[{"name":"wp","href":"https:\/\/api.w.org\/{rel}","templated":true}]}}