{"id":5403,"date":"2021-05-31T14:48:36","date_gmt":"2021-05-31T09:18:36","guid":{"rendered":"https:\/\/sethubandhanam.com\/?page_id=5403"},"modified":"2022-05-01T17:25:11","modified_gmt":"2022-05-01T11:55:11","slug":"mahaperiyava-jayanti-indrakshi-vaidika-covid-support","status":"publish","type":"page","link":"https:\/\/sethubandhanam.com\/index.php\/mahaperiyava-jayanti-indrakshi-vaidika-covid-support\/","title":{"rendered":"COVID Support for Vaidikas, Purohits, Temple Assistants: Shankara Jayanthi"},"content":{"rendered":"<h3>COVID Support for Vaidikas during Maha Periyava Jayanthi-Phase 1<\/h3>\n<p><iframe title=\"Indrakshi Japam on the occasion of 128th Jayanti of Maha Periyava\" width=\"800\" height=\"450\" src=\"https:\/\/www.youtube.com\/embed\/_02N57-qasM?feature=oembed\" frameborder=\"0\" allow=\"accelerometer; autoplay; clipboard-write; encrypted-media; gyroscope; picture-in-picture\" allowfullscreen><\/iframe><\/p>\n<h4>INDRAKSHI JAPAM ON THE OCCASION OF 128th MAHA PERIYAVA JAYANTHI \/&nbsp;COVID SUPPORT FOR VAIDIKAS-PHASE 1<\/h4>\n<p>Given the present pandemic situation, we are celebrating the&nbsp;<b>128th Jayanti of Maha Periyava, Sri Sri Chandrashekharendra Saraswati Swamigal<\/b>, in a very small way as described by Brahmasri Ky. Bharaneedhara Sastrigal in the video, praying for the well-being of all through <b>Indrakshi Japa Parayanam.<\/b><\/p>\n<p>Vaidikas from many locations are virtually joining in for this event, which is telecast live (via Zoom) on the&nbsp;<a href=\"https:\/\/www.youtube.com\/channel\/UCh9daXApRJ7CHCBCNhQ8-HQ\" target=\"_blank\" rel=\"noopener\"><b>Asthika Dharmam YouTube channel<\/b><\/a>.<\/p>\n<p><b>Budget: \u20b910 lakhs (approx.), for Indrakshi Japam, Rudrabhishekam (@ Chidambaram) &amp; Moksha Deepam (@ Chidambaram)&nbsp;<\/b><\/p>\n<p>We pray for Acharyal Anugraham for the entire nation and the world to tide over this pandemic soon. Given the number of unfortunate deaths that have occurred in the last year, SJVP trust is also organising a &#8220;Moksha Deepam&#8221; at Chidambaram to pray for the departed souls.a<\/p>\n<p><img loading=\"lazy\" decoding=\"async\" width=\"800\" height=\"450\" src=\"https:\/\/sethubandhanam.com\/wp-content\/uploads\/2020\/04\/BharaniSastrigal-2-1024x576.jpg\" alt=\"\" loading=\"lazy\" srcset=\"https:\/\/sethubandhanam.com\/wp-content\/uploads\/2020\/04\/BharaniSastrigal-2-1024x576.jpg 1024w, https:\/\/sethubandhanam.com\/wp-content\/uploads\/2020\/04\/BharaniSastrigal-2-300x169.jpg 300w, https:\/\/sethubandhanam.com\/wp-content\/uploads\/2020\/04\/BharaniSastrigal-2-768x432.jpg 768w, https:\/\/sethubandhanam.com\/wp-content\/uploads\/2020\/04\/BharaniSastrigal-2.jpg 1280w\" sizes=\"auto, (max-width: 800px) 100vw, 800px\"><\/p>\n<h4 style=\"word-spacing: 0px;\">SRI JAGADHGURU VEDA PARAYANA TRUST&#8217;S EFFORT<\/h4>\n<p>The trustees, led by&nbsp;<i>Brahmashri&nbsp;<\/i>K. Y. Bharaneedhara Sastrigal, secretary of the above trust&nbsp;and a popular exponent of&nbsp;<i>upanyasas<\/i>, are pioneering an effort to support the vaidikas and pray for the well-being of all during this pandemic.&nbsp;<\/p>\n<p>With the blessings of&nbsp;<i>Mool\u0101mn\u0101ya Sarvaj\u00f1a Kanchi Kamkoti&nbsp;P\u012b\u1e6dh\u0101<\/i><i>dhipati<\/i>,&nbsp;His Holiness Sri Sri Shankara Vijayendra Saraswati Swamigal,&nbsp;the trust is raising funds to support vaidikas and perform Indrakshi Japam during this COVID-19 lockdown.&nbsp;<\/p>\n<figure><img decoding=\"async\" src=\"https:\/\/sethubandhanam.com\/wp-content\/uploads\/2020\/04\/JayaPeriyava.jpg\" alt=\"JayaPeriyava\"><\/figure>\n<figure><img decoding=\"async\" src=\"https:\/\/sethubandhanam.com\/wp-content\/uploads\/2020\/04\/VijayaPeriyava.jpg\" alt=\"VijayaPeriyava\"><\/figure>\n<p>Previous<br \/>\nNext<\/p>\n<h4>ABOUT Sri JagadHguru Vedaparayana Trust<\/h4>\n<p>Established by the <i><b>Mool\u0101mn\u0101ya Sarvaj\u00f1a Kanchi Kamkoti&nbsp;P\u012b\u1e6dh\u0101<\/b><\/i><i><b>dhipatis<\/b><\/i>, <b>HH Sri Sri Jayendra Saraswati Swamigal<\/b> and <b>HH Sri Sri Sankara Vijayendra Saraswati Swamigal <\/b>two decades ago, the trust has been conducting various dharmic activities including:&nbsp;<\/p>\n<ul>\n<li><i>Veda p\u0101r\u0101yanams <\/i>in places such as Prayagraj, Rameswaram, etc<\/li>\n<li>Ghana and <i>Samhit\u0101&nbsp;p\u0101r\u0101yanams<\/i> at various places<\/li>\n<li>Music festivals, <i>Veda s\u0101stra upany\u0101sams<\/i><\/li>\n<li>Assisting economically backward students, assistance for marriages, <i>apara karma<\/i> assistance<\/li>\n<\/ul>\n<p>They have been conducting various welfare and religious Dharmic activities in the past with the most recent one being the support for over&nbsp;&nbsp;The Jagadhguru Veda Parayana Trust&nbsp;<\/p>\n<ol>\n<li>Last year, SJVP Trust supported <a href=\"https:\/\/sethubandhanam.com\/index.php\/vaidika-covid-support-shankara-jayanthi\/\" target=\"_blank\" rel=\"noopener\">377 vaidikas, gurukkals, pujaris during Shankara Jayanthi (April 2020). The trust disbursed <\/a>\u20b922,49,500&nbsp; &#8211;<a href=\"https:\/\/sethubandhanam.com\/index.php\/vaidika-covid-support-shankara-jayanthi\/\">details of which can be found here<\/a><\/li>\n<li>Last year, SJVP Trust supported&nbsp;550+ priests associated with the Tiruchendur Murugan Temple in an ongoing campaign &#8211; <a href=\"https:\/\/sethubandhanam.com\/index.php\/pujaka-covid-support-tiruchendur\/\" target=\"_blank\" rel=\"noopener\">details of which can be found here.&nbsp;<\/a><\/li>\n<\/ol>\n<p><b>&nbsp;Donations to this trust are eligible for income tax deduction under 80G.&nbsp;<\/b><\/p>\n<h2>DONATE FOR THIS CAUSE<\/h2>\n<p><img loading=\"lazy\" decoding=\"async\" width=\"217\" height=\"300\" src=\"https:\/\/sethubandhanam.com\/wp-content\/uploads\/2021\/05\/mahaperiyavaa-217x300.jpg\" alt=\"\" loading=\"lazy\" srcset=\"https:\/\/sethubandhanam.com\/wp-content\/uploads\/2021\/05\/mahaperiyavaa-217x300.jpg 217w, https:\/\/sethubandhanam.com\/wp-content\/uploads\/2021\/05\/mahaperiyavaa-741x1024.jpg 741w, https:\/\/sethubandhanam.com\/wp-content\/uploads\/2021\/05\/mahaperiyavaa-768x1061.jpg 768w, https:\/\/sethubandhanam.com\/wp-content\/uploads\/2021\/05\/mahaperiyavaa.jpg 800w\" sizes=\"auto, (max-width: 217px) 100vw, 217px\"><\/p>\n<h4>Sri Jagadhguru Vedaparayana Trust<\/h4>\n<p>New No.9\/C, Kamakshipuram II Street, West Mambalam, Chennai &#8211; 600033<br \/>\nContact: Brahmasri Ky. Bharaneedhara Sastrigal <b>+91-99400-00056<\/b><\/p>\n<p><b style=\"word-spacing: normal; color: #323232; text-transform: uppercase;\">80G Tax exemption details&nbsp;<\/b><\/p>\n<p>All donations are eligible for deduction u\/s 80G&nbsp;of IT Act 1961 vide order No. mbox{DIT(E) No. 2(167)\/00-01} dated 15.05.2008. (PAN No. AACTS4049K)<\/p>\n","protected":false},"excerpt":{"rendered":"<p>COVID Support for Vaidikas during Maha Periyava Jayanthi-Phase 1 INDRAKSHI JAPAM ON THE OCCASION OF 128th MAHA PERIYAVA JAYANTHI \/&nbsp;COVID SUPPORT FOR VAIDIKAS-PHASE 1 Given the present pandemic situation, we are celebrating the&nbsp;128th Jayanti of Maha Periyava, Sri Sri Chandrashekharendra Saraswati Swamigal, in a very small way as described by Brahmasri Ky. Bharaneedhara Sastrigal in the video, praying for the well-being of all through Indrakshi Japa Parayanam. Vaidikas from many locations are virtually joining in for this event, which is telecast live (via Zoom) on the&nbsp;Asthika Dharmam YouTube channel. Budget: \u20b910 lakhs (approx.), for Indrakshi Japam, Rudrabhishekam (@ Chidambaram) &amp; Moksha Deepam (@ Chidambaram)&nbsp; We pray for Acharyal Anugraham for the entire nation and the world to tide over this pandemic soon. Given the number of unfortunate deaths that have occurred in the last year, SJVP trust is also organising a &#8220;Moksha Deepam&#8221; at Chidambaram to pray for the departed&hellip;<\/p>\n<p> <a class=\"more-link\" href=\"https:\/\/sethubandhanam.com\/index.php\/mahaperiyava-jayanti-indrakshi-vaidika-covid-support\/\">Read more<\/a><\/p>\n","protected":false},"author":3,"featured_media":0,"parent":0,"menu_order":0,"comment_status":"closed","ping_status":"closed","template":"elementor_header_footer","meta":{"give_campaign_id":0,"footnotes":""},"class_list":["post-5403","page","type-page","status-publish"],"aioseo_notices":[],"campaignId":"","_links":{"self":[{"href":"https:\/\/sethubandhanam.com\/index.php\/wp-json\/wp\/v2\/pages\/5403","targetHints":{"allow":["GET"]}}],"collection":[{"href":"https:\/\/sethubandhanam.com\/index.php\/wp-json\/wp\/v2\/pages"}],"about":[{"href":"https:\/\/sethubandhanam.com\/index.php\/wp-json\/wp\/v2\/types\/page"}],"author":[{"embeddable":true,"href":"https:\/\/sethubandhanam.com\/index.php\/wp-json\/wp\/v2\/users\/3"}],"replies":[{"embeddable":true,"href":"https:\/\/sethubandhanam.com\/index.php\/wp-json\/wp\/v2\/comments?post=5403"}],"version-history":[{"count":38,"href":"https:\/\/sethubandhanam.com\/index.php\/wp-json\/wp\/v2\/pages\/5403\/revisions"}],"predecessor-version":[{"id":6131,"href":"https:\/\/sethubandhanam.com\/index.php\/wp-json\/wp\/v2\/pages\/5403\/revisions\/6131"}],"wp:attachment":[{"href":"https:\/\/sethubandhanam.com\/index.php\/wp-json\/wp\/v2\/media?parent=5403"}],"curies":[{"name":"wp","href":"https:\/\/api.w.org\/{rel}","templated":true}]}}